{"id":3448,"date":"2024-06-11T21:20:40","date_gmt":"2024-06-11T19:20:40","guid":{"rendered":"https:\/\/sportundnatur.com\/legal-notice\/"},"modified":"2024-08-07T21:46:34","modified_gmt":"2024-08-07T19:46:34","slug":"legal-notice","status":"publish","type":"page","link":"https:\/\/sportundnatur.com\/en\/legal-notice\/","title":{"rendered":"Legal Notice"},"content":{"rendered":"<div class=\"fusion-fullwidth fullwidth-box fusion-builder-row-1 fusion-flex-container nonhundred-percent-fullwidth non-hundred-percent-height-scrolling\" style=\"--awb-background-position:left top;--awb-background-repeat:repeat-x;--awb-border-sizes-bottom:0px;--awb-border-radius-top-left:0px;--awb-border-radius-top-right:0px;--awb-border-radius-bottom-right:0px;--awb-border-radius-bottom-left:0px;--awb-margin-top:0px;--awb-margin-bottom:100px;--awb-margin-bottom-small:0px;--awb-flex-wrap:wrap;\" ><div class=\"fusion-builder-row fusion-row fusion-flex-align-items-flex-start fusion-flex-content-wrap\" style=\"max-width:1393.6px;margin-left: calc(-4% \/ 2 );margin-right: calc(-4% \/ 2 );\"><div class=\"fusion-layout-column fusion_builder_column fusion-builder-column-0 fusion_builder_column_1_1 1_1 fusion-flex-column\" style=\"--awb-bg-size:cover;--awb-width-large:100%;--awb-margin-top-large:0px;--awb-spacing-right-large:1.92%;--awb-margin-bottom-large:0px;--awb-spacing-left-large:1.92%;--awb-width-medium:100%;--awb-order-medium:0;--awb-spacing-right-medium:1.92%;--awb-spacing-left-medium:1.92%;--awb-width-small:100%;--awb-order-small:0;--awb-spacing-right-small:1.92%;--awb-spacing-left-small:1.92%;\"><div class=\"fusion-column-wrapper fusion-column-has-shadow fusion-flex-justify-content-flex-start fusion-content-layout-column\"><div class=\"fusion-title title fusion-title-1 fusion-sep-none fusion-title-center fusion-title-text fusion-title-size-div\" style=\"--awb-text-color:var(--awb-color5);--awb-margin-bottom:5px;--awb-margin-top-small:10px;--awb-margin-right-small:0px;--awb-margin-bottom-small:10px;--awb-margin-left-small:0px;--awb-font-size:var(--awb-typography2-font-size);\"><div class=\"fusion-title-heading title-heading-center title-heading-tag fusion-responsive-typography-calculated\" style=\"font-family:var(--awb-typography2-font-family);font-weight:var(--awb-typography2-font-weight);font-style:var(--awb-typography2-font-style);margin:0;letter-spacing:var(--awb-typography2-letter-spacing);text-transform:var(--awb-typography2-text-transform);font-size:1em;--fontSize:30;line-height:var(--awb-typography2-line-height);\">Sport und Natur<\/div><\/div><div class=\"fusion-title title fusion-title-2 fusion-sep-none fusion-title-center fusion-title-text fusion-title-size-two\" style=\"--awb-margin-top-small:10px;--awb-margin-right-small:0px;--awb-margin-bottom-small:10px;--awb-margin-left-small:0px;\"><h2 class=\"fusion-title-heading title-heading-center fusion-responsive-typography-calculated\" style=\"margin:0;text-transform:none;--fontSize:54;line-height:var(--awb-typography1-line-height);\">Imprint<\/h2><\/div><div class=\"fusion-separator\" style=\"align-self: center;margin-left: auto;margin-right: auto;margin-top:15px;margin-bottom:60px;width:100%;max-width:80px;\"><div class=\"fusion-separator-border sep-single sep-solid\" style=\"--awb-height:20px;--awb-amount:20px;border-color:var(--awb-color6);border-top-width:2px;\"><\/div><\/div><div class=\"fusion-text fusion-text-1\"><p>!!!This page is only available in GERMAN !!!<\/p>\n<p><strong>Sport und Natur Abenteuer GmbH<\/strong><br \/>H\u00fcttfeldstra\u00dfe 65b<br \/>6345 K\u00f6ssen<br \/>\u00d6sterreich<\/p>\n<p><strong>Tel.:<\/strong> <a href=\"tel:00436642766703\">+43 664 2766703<\/a><br \/><strong>E-Mail:<\/strong> <a href=\"mailto:info@sportundnatur.com\">info@sportundnatur.com<\/a><\/p>\n<p><strong>Firmenbuchnummer: <\/strong>FN551602f<strong><br \/>Firmenbuchgericht:<\/strong> Kitzb\u00fchel<br \/><strong>UID-Nummer:<\/strong> ATU76605826<br \/><strong>Berufsrecht:<\/strong> <a href=\"https:\/\/www.ris.bka.gv.at\">www.ris.bka.gv.at<\/a><\/p>\n<p><strong>Aufsichtsbeh\u00f6rde\/Gewerbebeh\u00f6rde:<\/strong> Bezirkshauptmannschaft Kitzb\u00fchel<br \/><strong>Verleihungsstaat:<\/strong> \u00d6sterreich<br \/><strong>Gesch\u00e4ftsf\u00fchrer:<\/strong> Schwentner Andreas<br \/><strong>E-Mail der Datenschutzstelle:<\/strong> <a href=\"mailto:info@sportundnatur.com\">info@sportundnatur.com<\/a><\/p>\n<h3 id=\"eu-streitschlichtung\" class=\"adsimple-122810835\" data-fontsize=\"24\" data-lineheight=\"36px\">EU-Streitschlichtung<\/h3>\n<p class=\"adsimple-122810835\">Gem\u00e4\u00df Verordnung \u00fcber Online-Streitbeilegung in Verbraucherangelegenheiten (ODR-Verordnung) m\u00f6chten wir Sie \u00fcber die Online-Streitbeilegungsplattform (OS-Plattform) informieren. Verbraucher haben die M\u00f6glichkeit, Beschwerden an die Online Streitbeilegungsplattform der Europ\u00e4ischen Kommission unter <a class=\"adsimple-122810835\" href=\"https:\/\/ec.europa.eu\/consumers\/odr\/main\/index.cfm?event=main.home2.show&amp;lng=DE\" target=\"_blank\" rel=\"follow noopener\">https:\/\/ec.europa.eu\/consumers\/odr\/main\/index.cfm?event=main.home2.showlng=DE<\/a> zu richten. Die daf\u00fcr notwendigen Kontaktdaten finden Sie oberhalb in unserem Impressum.<\/p>\n<p class=\"adsimple-122810835\">Wir m\u00f6chten Sie jedoch darauf hinweisen, dass wir nicht bereit oder verpflichtet sind, an Streitbeilegungsverfahren vor einer Verbraucherschlichtungsstelle teilzunehmen.<\/p>\n<h3 id=\"haftung-fur-inhalte-dieser-website\" class=\"adsimple-122810835\" data-fontsize=\"24\" data-lineheight=\"36px\">Haftung f\u00fcr Inhalte dieser Website<\/h3>\n<p class=\"adsimple-122810835\">Wir entwickeln die Inhalte dieser Website st\u00e4ndig weiter und bem\u00fchen uns korrekte und aktuelle Informationen bereitzustellen. Leider k\u00f6nnen wir keine Haftung f\u00fcr die Korrektheit aller Inhalte auf dieser Website \u00fcbernehmen, speziell f\u00fcr jene, die seitens Dritter bereitgestellt wurden. Als Diensteanbieter sind wir nicht verpflichtet, die von Ihnen \u00fcbermittelten oder gespeicherten Informationen zu \u00fcberwachen oder nach Umst\u00e4nden zu forschen, die auf eine rechtswidrige T\u00e4tigkeit hinweisen.<\/p>\n<p class=\"adsimple-122810835\">Unsere Verpflichtungen zur Entfernung von Informationen oder zur Sperrung der Nutzung von Informationen nach den allgemeinen Gesetzen aufgrund von gerichtlichen oder beh\u00f6rdlichen Anordnungen bleiben auch im Falle unserer Nichtverantwortlichkeit davon unber\u00fchrt.<\/p>\n<p class=\"adsimple-122810835\">Sollten Ihnen problematische oder rechtswidrige Inhalte auffallen, bitte wir Sie uns umgehend zu kontaktieren, damit wir die rechtswidrigen Inhalte entfernen k\u00f6nnen. Sie finden die Kontaktdaten im Impressum.<\/p>\n<h3 id=\"haftung-links-auf-dieser-website\" class=\"adsimple-122810835\" data-fontsize=\"24\" data-lineheight=\"36px\">Haftung f\u00fcr Links auf dieser Website<\/h3>\n<p class=\"adsimple-122810835\">Unsere Website enth\u00e4lt Links zu anderen Websites f\u00fcr deren Inhalt wir nicht verantwortlich sind. Haftung f\u00fcr verlinkte Websites besteht f\u00fcr uns nicht, da wir keine Kenntnis rechtswidriger T\u00e4tigkeiten hatten und haben, uns solche Rechtswidrigkeiten auch bisher nicht aufgefallen sind und wir Links sofort entfernen w\u00fcrden, wenn uns Rechtswidrigkeiten bekannt werden.<\/p>\n<p class=\"adsimple-122810835\">Wenn Ihnen rechtswidrige Links auf unserer Website auffallen, bitte wir Sie uns zu kontaktieren. Sie finden die Kontaktdaten im Impressum.<\/p>\n<h3 id=\"urheberrechtshinweis\" class=\"adsimple-122810835\" data-fontsize=\"24\" data-lineheight=\"36px\">Hinweis Urheberrecht<\/h3>\n<p class=\"adsimple-122810835\">Alle Inhalte dieser Webseite (Bilder, Fotos, Texte, Videos) unterliegen dem Urheberrecht. Bitte fragen Sie uns bevor Sie die Inhalte dieser Website verbreiten, vervielf\u00e4ltigen oder verwerten wie zum Beispiel auf anderen Websites erneut ver\u00f6ffentlichen. Falls notwendig, werden wir die unerlaubte Nutzung von Teilen der Inhalte unserer Seite rechtlich verfolgen.<\/p>\n<p class=\"adsimple-122810835\">Sollten Sie auf dieser Webseite Inhalte finden, die das Urheberrecht verletzen, bitten wir Sie uns zu kontaktieren.<\/p>\n<h3 id=\"bildernachweis\" class=\"adsimple-122810835\" data-fontsize=\"24\" data-lineheight=\"36px\">Bildernachweis<\/h3>\n<p class=\"adsimple-122810835\">Die Bilder, Fotos und Grafiken auf dieser Webseite sind urheberrechtlich gesch\u00fctzt.<\/p>\n<p><strong>Die Bilderrechte liegen bei:<\/strong><\/p>\n<ul>\n<li>Sport und Natur Abenteuer GmbH<\/li>\n<li>Woitatscher<\/li>\n<li>Tourismusverband Kaiserwinkl und Medienpartner<\/li>\n<\/ul>\n<h3 id=\"onlineauftritte\" class=\"adsimple-122810835\" data-fontsize=\"24\" data-lineheight=\"36px\">Weitere Onlineauftritte<\/h3>\n<p><strong>Dieses Impressum gilt auch f\u00fcr<\/strong><\/p>\n<ul>\n<li><strong><a href=\"https:\/\/www.instagram.com\/sportundnatur\">Instagram<\/a><\/strong><\/li>\n<li><strong><a href=\"https:\/\/www.facebook.com\/sportundnatur\">Facebook<\/a><\/strong><\/li>\n<\/ul>\n<hr>\n<p>Alle Texte sind urheberrechtlich gesch\u00fctzt. Quelle: Erstellt mit dem <a title=\"Impressum Generator \u00d6sterreich von AdSimple\" href=\"https:\/\/www.adsimple.at\/impressum-generator\/\">Impressum Generator<\/a> von AdSimple<\/p>\n<\/div><\/div><\/div><\/div><\/div>\n","protected":false},"excerpt":{"rendered":"","protected":false},"author":1,"featured_media":0,"parent":0,"menu_order":0,"comment_status":"closed","ping_status":"closed","template":"100-width.php","meta":{"footnotes":""},"class_list":["post-3448","page","type-page","status-publish","hentry"],"yoast_head":"<!-- This site is optimized with the Yoast SEO plugin v27.4 - https:\/\/yoast.com\/product\/yoast-seo-wordpress\/ -->\n<title>Legal Notice - Sport und Natur | Abenteuerurlaub in K\u00f6ssen \/ Tirol \/ \u00d6sterreich<\/title>\n<meta name=\"description\" content=\"You can find all legal information about Sport und Natur Abenteuer GmbH in our imprint. If you have any questions, just let us know!\" \/>\n<meta name=\"robots\" content=\"index, follow, max-snippet:-1, max-image-preview:large, max-video-preview:-1\" \/>\n<link rel=\"canonical\" href=\"https:\/\/sportundnatur.com\/en\/legal-notice\/\" \/>\n<meta property=\"og:locale\" content=\"en_US\" \/>\n<meta property=\"og:type\" content=\"article\" \/>\n<meta property=\"og:title\" content=\"Legal Notice - Sport und Natur | Abenteuerurlaub in K\u00f6ssen \/ Tirol \/ \u00d6sterreich\" \/>\n<meta property=\"og:description\" content=\"You can find all legal information about Sport und Natur Abenteuer GmbH in our imprint. If you have any questions, just let us know!\" \/>\n<meta property=\"og:url\" content=\"https:\/\/sportundnatur.com\/en\/legal-notice\/\" \/>\n<meta property=\"og:site_name\" content=\"Sport und Natur | Abenteuerurlaub in K\u00f6ssen \/ Tirol \/ \u00d6sterreich\" \/>\n<meta property=\"article:publisher\" content=\"https:\/\/www.facebook.com\/sportundnatur\" \/>\n<meta property=\"article:modified_time\" content=\"2024-08-07T19:46:34+00:00\" \/>\n<meta name=\"twitter:card\" content=\"summary_large_image\" \/>\n<meta name=\"twitter:label1\" content=\"Est. reading time\" \/>\n\t<meta name=\"twitter:data1\" content=\"5 minutes\" \/>\n<script type=\"application\/ld+json\" class=\"yoast-schema-graph\">{\"@context\":\"https:\\\/\\\/schema.org\",\"@graph\":[{\"@type\":\"WebPage\",\"@id\":\"https:\\\/\\\/sportundnatur.com\\\/en\\\/legal-notice\\\/\",\"url\":\"https:\\\/\\\/sportundnatur.com\\\/en\\\/legal-notice\\\/\",\"name\":\"Legal Notice - Sport und Natur | Abenteuerurlaub in K\u00f6ssen \\\/ Tirol \\\/ \u00d6sterreich\",\"isPartOf\":{\"@id\":\"https:\\\/\\\/sportundnatur.com\\\/en\\\/#website\"},\"datePublished\":\"2024-06-11T19:20:40+00:00\",\"dateModified\":\"2024-08-07T19:46:34+00:00\",\"description\":\"You can find all legal information about Sport und Natur Abenteuer GmbH in our imprint. If you have any questions, just let us know!\",\"breadcrumb\":{\"@id\":\"https:\\\/\\\/sportundnatur.com\\\/en\\\/legal-notice\\\/#breadcrumb\"},\"inLanguage\":\"en-US\",\"potentialAction\":[{\"@type\":\"ReadAction\",\"target\":[\"https:\\\/\\\/sportundnatur.com\\\/en\\\/legal-notice\\\/\"]}]},{\"@type\":\"BreadcrumbList\",\"@id\":\"https:\\\/\\\/sportundnatur.com\\\/en\\\/legal-notice\\\/#breadcrumb\",\"itemListElement\":[{\"@type\":\"ListItem\",\"position\":1,\"name\":\"Startseite\",\"item\":\"https:\\\/\\\/sportundnatur.com\\\/en\\\/\"},{\"@type\":\"ListItem\",\"position\":2,\"name\":\"Legal Notice\"}]},{\"@type\":\"WebSite\",\"@id\":\"https:\\\/\\\/sportundnatur.com\\\/en\\\/#website\",\"url\":\"https:\\\/\\\/sportundnatur.com\\\/en\\\/\",\"name\":\"Sport und Natur | Abenteuerurlaub in K\u00f6ssen \\\/ Tirol \\\/ \u00d6sterreich\",\"description\":\"K\u00f6ssen \\\/ Tirol \\\/ \u00d6sterreich\",\"publisher\":{\"@id\":\"https:\\\/\\\/sportundnatur.com\\\/en\\\/#organization\"},\"potentialAction\":[{\"@type\":\"SearchAction\",\"target\":{\"@type\":\"EntryPoint\",\"urlTemplate\":\"https:\\\/\\\/sportundnatur.com\\\/en\\\/?s={search_term_string}\"},\"query-input\":{\"@type\":\"PropertyValueSpecification\",\"valueRequired\":true,\"valueName\":\"search_term_string\"}}],\"inLanguage\":\"en-US\"},{\"@type\":\"Organization\",\"@id\":\"https:\\\/\\\/sportundnatur.com\\\/en\\\/#organization\",\"name\":\"Sport und Natur | Abenteuerurlaub in K\u00f6ssen \\\/ Tirol \\\/ \u00d6sterreich\",\"url\":\"https:\\\/\\\/sportundnatur.com\\\/en\\\/\",\"logo\":{\"@type\":\"ImageObject\",\"inLanguage\":\"en-US\",\"@id\":\"https:\\\/\\\/sportundnatur.com\\\/en\\\/#\\\/schema\\\/logo\\\/image\\\/\",\"url\":\"https:\\\/\\\/sportundnatur.com\\\/wp-content\\\/uploads\\\/2024\\\/06\\\/sun_logo_retina_252x75px.png\",\"contentUrl\":\"https:\\\/\\\/sportundnatur.com\\\/wp-content\\\/uploads\\\/2024\\\/06\\\/sun_logo_retina_252x75px.png\",\"width\":252,\"height\":75,\"caption\":\"Sport und Natur | Abenteuerurlaub in K\u00f6ssen \\\/ Tirol \\\/ \u00d6sterreich\"},\"image\":{\"@id\":\"https:\\\/\\\/sportundnatur.com\\\/en\\\/#\\\/schema\\\/logo\\\/image\\\/\"},\"sameAs\":[\"https:\\\/\\\/www.facebook.com\\\/sportundnatur\",\"https:\\\/\\\/www.instagram.com\\\/sportundnatur\",\"https:\\\/\\\/www.youtube.com\\\/@sportundnaturabenteuermitp7162\"]}]}<\/script>\n<!-- \/ Yoast SEO plugin. -->","yoast_head_json":{"title":"Legal Notice - Sport und Natur | Abenteuerurlaub in K\u00f6ssen \/ Tirol \/ \u00d6sterreich","description":"You can find all legal information about Sport und Natur Abenteuer GmbH in our imprint. If you have any questions, just let us know!","robots":{"index":"index","follow":"follow","max-snippet":"max-snippet:-1","max-image-preview":"max-image-preview:large","max-video-preview":"max-video-preview:-1"},"canonical":"https:\/\/sportundnatur.com\/en\/legal-notice\/","og_locale":"en_US","og_type":"article","og_title":"Legal Notice - Sport und Natur | Abenteuerurlaub in K\u00f6ssen \/ Tirol \/ \u00d6sterreich","og_description":"You can find all legal information about Sport und Natur Abenteuer GmbH in our imprint. If you have any questions, just let us know!","og_url":"https:\/\/sportundnatur.com\/en\/legal-notice\/","og_site_name":"Sport und Natur | Abenteuerurlaub in K\u00f6ssen \/ Tirol \/ \u00d6sterreich","article_publisher":"https:\/\/www.facebook.com\/sportundnatur","article_modified_time":"2024-08-07T19:46:34+00:00","twitter_card":"summary_large_image","twitter_misc":{"Est. reading time":"5 minutes"},"schema":{"@context":"https:\/\/schema.org","@graph":[{"@type":"WebPage","@id":"https:\/\/sportundnatur.com\/en\/legal-notice\/","url":"https:\/\/sportundnatur.com\/en\/legal-notice\/","name":"Legal Notice - Sport und Natur | Abenteuerurlaub in K\u00f6ssen \/ Tirol \/ \u00d6sterreich","isPartOf":{"@id":"https:\/\/sportundnatur.com\/en\/#website"},"datePublished":"2024-06-11T19:20:40+00:00","dateModified":"2024-08-07T19:46:34+00:00","description":"You can find all legal information about Sport und Natur Abenteuer GmbH in our imprint. If you have any questions, just let us know!","breadcrumb":{"@id":"https:\/\/sportundnatur.com\/en\/legal-notice\/#breadcrumb"},"inLanguage":"en-US","potentialAction":[{"@type":"ReadAction","target":["https:\/\/sportundnatur.com\/en\/legal-notice\/"]}]},{"@type":"BreadcrumbList","@id":"https:\/\/sportundnatur.com\/en\/legal-notice\/#breadcrumb","itemListElement":[{"@type":"ListItem","position":1,"name":"Startseite","item":"https:\/\/sportundnatur.com\/en\/"},{"@type":"ListItem","position":2,"name":"Legal Notice"}]},{"@type":"WebSite","@id":"https:\/\/sportundnatur.com\/en\/#website","url":"https:\/\/sportundnatur.com\/en\/","name":"Sport und Natur | Abenteuerurlaub in K\u00f6ssen \/ Tirol \/ \u00d6sterreich","description":"K\u00f6ssen \/ Tirol \/ \u00d6sterreich","publisher":{"@id":"https:\/\/sportundnatur.com\/en\/#organization"},"potentialAction":[{"@type":"SearchAction","target":{"@type":"EntryPoint","urlTemplate":"https:\/\/sportundnatur.com\/en\/?s={search_term_string}"},"query-input":{"@type":"PropertyValueSpecification","valueRequired":true,"valueName":"search_term_string"}}],"inLanguage":"en-US"},{"@type":"Organization","@id":"https:\/\/sportundnatur.com\/en\/#organization","name":"Sport und Natur | Abenteuerurlaub in K\u00f6ssen \/ Tirol \/ \u00d6sterreich","url":"https:\/\/sportundnatur.com\/en\/","logo":{"@type":"ImageObject","inLanguage":"en-US","@id":"https:\/\/sportundnatur.com\/en\/#\/schema\/logo\/image\/","url":"https:\/\/sportundnatur.com\/wp-content\/uploads\/2024\/06\/sun_logo_retina_252x75px.png","contentUrl":"https:\/\/sportundnatur.com\/wp-content\/uploads\/2024\/06\/sun_logo_retina_252x75px.png","width":252,"height":75,"caption":"Sport und Natur | Abenteuerurlaub in K\u00f6ssen \/ Tirol \/ \u00d6sterreich"},"image":{"@id":"https:\/\/sportundnatur.com\/en\/#\/schema\/logo\/image\/"},"sameAs":["https:\/\/www.facebook.com\/sportundnatur","https:\/\/www.instagram.com\/sportundnatur","https:\/\/www.youtube.com\/@sportundnaturabenteuermitp7162"]}]}},"_links":{"self":[{"href":"https:\/\/sportundnatur.com\/en\/wp-json\/wp\/v2\/pages\/3448","targetHints":{"allow":["GET"]}}],"collection":[{"href":"https:\/\/sportundnatur.com\/en\/wp-json\/wp\/v2\/pages"}],"about":[{"href":"https:\/\/sportundnatur.com\/en\/wp-json\/wp\/v2\/types\/page"}],"author":[{"embeddable":true,"href":"https:\/\/sportundnatur.com\/en\/wp-json\/wp\/v2\/users\/1"}],"replies":[{"embeddable":true,"href":"https:\/\/sportundnatur.com\/en\/wp-json\/wp\/v2\/comments?post=3448"}],"version-history":[{"count":3,"href":"https:\/\/sportundnatur.com\/en\/wp-json\/wp\/v2\/pages\/3448\/revisions"}],"predecessor-version":[{"id":3515,"href":"https:\/\/sportundnatur.com\/en\/wp-json\/wp\/v2\/pages\/3448\/revisions\/3515"}],"wp:attachment":[{"href":"https:\/\/sportundnatur.com\/en\/wp-json\/wp\/v2\/media?parent=3448"}],"curies":[{"name":"wp","href":"https:\/\/api.w.org\/{rel}","templated":true}]}}